{"id":48,"date":"2024-10-08T23:53:36","date_gmt":"2024-10-08T23:53:36","guid":{"rendered":"https:\/\/www.bactivegear.com\/?page_id=48"},"modified":"2024-11-05T12:21:18","modified_gmt":"2024-11-05T16:21:18","slug":"about","status":"publish","type":"page","link":"https:\/\/www.bactivegear.com\/es\/about\/","title":{"rendered":"Acerca"},"content":{"rendered":"<section class=\"l-section wpb_row height_large\"><div class=\"l-section-h i-cf\"><div class=\"g-cols vc_row via_flex valign_top type_default stacking_default\"><div class=\"vc_col-sm-12 wpb_column vc_column_container\"><div class=\"vc_column-inner\"><div class=\"wpb_wrapper\"><div class=\"w-separator hide_on_default hide_on_laptops size_medium\"><\/div><div class=\"g-cols wpb_row via_flex valign_top type_default stacking_default\"><div class=\"vc_col-sm-6 wpb_column vc_column_container\"><div class=\"vc_column-inner us_custom_8e784a87 us_animate_this type_sticky\"><div class=\"wpb_wrapper\"><div class=\"w-image align_center\"><div class=\"w-image-h\"><img decoding=\"async\" width=\"800\" height=\"1100\" src=\"https:\/\/www.bactivegear.com\/wp-content\/uploads\/2024\/10\/bri.webp\" class=\"attachment-full size-full wvs-archive-product-image\" alt=\"\" loading=\"lazy\" srcset=\"https:\/\/www.bactivegear.com\/wp-content\/uploads\/2024\/10\/bri.webp 800w, https:\/\/www.bactivegear.com\/wp-content\/uploads\/2024\/10\/bri-218x300.webp 218w, https:\/\/www.bactivegear.com\/wp-content\/uploads\/2024\/10\/bri-745x1024.webp 745w, https:\/\/www.bactivegear.com\/wp-content\/uploads\/2024\/10\/bri-600x825.webp 600w\" sizes=\"(max-width: 800px) 100vw, 800px\" \/><\/div><\/div><\/div><\/div><\/div><div class=\"vc_col-sm-6 wpb_column vc_column_container\"><div class=\"vc_column-inner us_custom_135e11d2 us_animate_this\"><div class=\"wpb_wrapper\"><div class=\"w-separator size_custom\" style=\"height:2rem\"><\/div><div class=\"w-vwrapper align_none valign_top\" style=\"--vwrapper-gap:0.5rem\"><div class=\"w-text us_custom_cc0b83df has_text_color\"><span class=\"w-text-h\"><span class=\"w-text-value\">ACERCA DE NOSOTROS<\/span><\/span><\/div><div class=\"wpb_text_column us_custom_a7b8a6e0 has_text_color\"><div class=\"wpb_wrapper\"><p>Brisena<\/p>\n<\/div><\/div><\/div><div class=\"w-separator size_small\"><\/div><div class=\"wpb_text_column\"><div class=\"wpb_wrapper\"><p>Brisena nunca imagin\u00f3 que equilibrar una carrera en finanzas con el lanzamiento de una marca de ropa deportiva se convertir\u00eda en su realidad. Durante a\u00f1os, ha prosperado en su papel en uno de los principales bancos del mundo, navegando el acelerado mundo de las finanzas. Pero fuera de la oficina, el fitness siempre ha sido su santuario: una forma de mantenerse centrada, en\u00e9rgica y segura de s\u00ed misma.<\/p>\n<p>A medida que avanzaba en su carrera, Brisena buscaba ropa deportiva que combinara funcionalidad y estilo, pero rara vez encontraba lo que buscaba. Fue entonces cuando naci\u00f3 la idea de BA SPORTS. Combinando su amor por los deportes y su deseo de ropa deportiva vers\u00e1til y de alta calidad, Brisena se propuso crear una marca que reflejara las necesidades reales de las personas que llevan una vida ajetreada, al igual que ella.<\/p>\n<p>BA SPORTS no es solo un proyecto paralelo; es una pasi\u00f3n que corre en paralelo a su carrera en finanzas. Para Brisena, se trata de m\u00e1s que ropa: se trata de ayudar a las personas a sentirse seguras, empoderadas y c\u00f3modas en su propia piel, sin importar d\u00f3nde se encuentren en su viaje de acondicionamiento f\u00edsico.<\/p>\n<\/div><\/div><div class=\"w-separator size_small\"><\/div><div class=\"w-btn-wrapper align_none\"><a class=\"w-btn us-btn-style_1\" href=\"https:\/\/www.bactivegear.com\/es\/contact\/\"><span class=\"w-btn-label\">Ponte en contacto<\/span><\/a><\/div><\/div><\/div><\/div><\/div><div class=\"w-separator size_huge\"><\/div><div class=\"w-separator size_small\"><\/div><div class=\"g-cols wpb_row via_flex valign_top type_default stacking_default\"><div class=\"vc_col-sm-6 wpb_column vc_column_container\"><div class=\"vc_column-inner us_custom_8e784a87 us_animate_this\"><div class=\"wpb_wrapper\"><div class=\"w-separator size_custom\" style=\"height:2rem\"><\/div><div class=\"w-image hide_on_default hide_on_laptops align_center\"><div class=\"w-image-h\"><img decoding=\"async\" width=\"800\" height=\"1100\" src=\"https:\/\/www.bactivegear.com\/wp-content\/uploads\/2024\/10\/angel.webp\" class=\"attachment-full size-full wvs-archive-product-image\" alt=\"\" loading=\"lazy\" srcset=\"https:\/\/www.bactivegear.com\/wp-content\/uploads\/2024\/10\/angel.webp 800w, https:\/\/www.bactivegear.com\/wp-content\/uploads\/2024\/10\/angel-218x300.webp 218w, https:\/\/www.bactivegear.com\/wp-content\/uploads\/2024\/10\/angel-745x1024.webp 745w, https:\/\/www.bactivegear.com\/wp-content\/uploads\/2024\/10\/angel-600x825.webp 600w\" sizes=\"(max-width: 800px) 100vw, 800px\" \/><\/div><\/div><div class=\"w-separator hide_on_default hide_on_laptops size_medium\"><\/div><div class=\"w-vwrapper align_none valign_top\" style=\"--vwrapper-gap:0.5rem\"><div class=\"w-text us_custom_cc0b83df has_text_color\"><span class=\"w-text-h\"><span class=\"w-text-value\">ACERCA DE NOSOTROS<\/span><\/span><\/div><div class=\"wpb_text_column us_custom_a7b8a6e0 has_text_color\"><div class=\"wpb_wrapper\"><p>Angel<\/p>\n<\/div><\/div><\/div><div class=\"w-separator size_small\"><\/div><div class=\"wpb_text_column\"><div class=\"wpb_wrapper\"><p>La carrera de Angel en ventas es un testimonio de su dedicaci\u00f3n y pasi\u00f3n. Con amplia experiencia en ventas B2B y B2C, ha realizado contribuciones significativas en empresas destacadas como SC Johnson, Dart Container y EllisDon. Cada rol ha sido un hito en su camino, enriquecido por lecciones de l\u00edderes excepcionales y un compromiso con un servicio al cliente sobresaliente.<\/p>\n<p>M\u00e1s all\u00e1 de sus logros profesionales, Angel siempre ha sido impulsado por una pasi\u00f3n personal por establecer y alcanzar metas. Este entusiasmo se extiende a su amor por el deporte y el papel esencial que juega en mantener un estilo de vida saludable y equilibrado. Reconociendo el profundo impacto de mantenerse activo, Angel y Brisena vieron una oportunidad para unir sus pasiones y dar un paso audaz en el mundo de la ropa deportiva.<\/p>\n<p>Para Angel, integrar su pasi\u00f3n por el deporte con su carrera no se trata solo de trabajo, sino de crear algo que promueva el bienestar y se alinee con sus valores. \u201cSi tienes la fortuna de trabajar en lo que te apasiona, los excelentes resultados son solo una consecuencia.\u201d<\/p>\n<\/div><\/div><div class=\"w-separator size_small\"><\/div><div class=\"w-btn-wrapper align_none\"><a class=\"w-btn us-btn-style_1\" href=\"https:\/\/www.bactivegear.com\/es\/contact\/\"><span class=\"w-btn-label\">Ponte en contacto<\/span><\/a><\/div><\/div><\/div><\/div><div class=\"vc_col-sm-6 wpb_column vc_column_container\"><div class=\"vc_column-inner us_custom_135e11d2 us_animate_this type_sticky\"><div class=\"wpb_wrapper\"><div class=\"w-image hide_on_tablets hide_on_mobiles align_center\"><div class=\"w-image-h\"><img decoding=\"async\" width=\"800\" height=\"1100\" src=\"https:\/\/www.bactivegear.com\/wp-content\/uploads\/2024\/10\/angel.webp\" class=\"attachment-full size-full wvs-archive-product-image\" alt=\"\" loading=\"lazy\" srcset=\"https:\/\/www.bactivegear.com\/wp-content\/uploads\/2024\/10\/angel.webp 800w, https:\/\/www.bactivegear.com\/wp-content\/uploads\/2024\/10\/angel-218x300.webp 218w, https:\/\/www.bactivegear.com\/wp-content\/uploads\/2024\/10\/angel-745x1024.webp 745w, https:\/\/www.bactivegear.com\/wp-content\/uploads\/2024\/10\/angel-600x825.webp 600w\" sizes=\"(max-width: 800px) 100vw, 800px\" \/><\/div><\/div><\/div><\/div><\/div><\/div><div class=\"w-separator hide_on_default hide_on_laptops size_medium\"><\/div><\/div><\/div><\/div><\/div><\/div><\/section>","protected":false},"excerpt":{"rendered":"ABOUT USBrisena Brisena never imagined that balancing a career in finance with launching an activewear brand would become her reality. For years, she has thrived in her role at one of the world\u2019s top banks, navigating the fast-paced world of finance. But outside the office, fitness has always been her sanctuary\u2014a way to stay grounded,...","protected":false},"author":1,"featured_media":18,"parent":0,"menu_order":0,"comment_status":"closed","ping_status":"closed","template":"","meta":{"footnotes":""},"class_list":["post-48","page","type-page","status-publish","has-post-thumbnail","hentry"],"yoast_head":"<!-- This site is optimized with the Yoast SEO plugin v24.4 - https:\/\/yoast.com\/wordpress\/plugins\/seo\/ -->\n<title>BA Sports | About<\/title>\n<meta name=\"robots\" content=\"index, follow, max-snippet:-1, max-image-preview:large, max-video-preview:-1\" \/>\n<link rel=\"canonical\" href=\"https:\/\/www.bactivegear.com\/es\/about\/\" \/>\n<meta property=\"og:locale\" content=\"es_ES\" \/>\n<meta property=\"og:type\" content=\"article\" \/>\n<meta property=\"og:title\" content=\"BA Sports | About\" \/>\n<meta property=\"og:url\" content=\"https:\/\/www.bactivegear.com\/es\/about\/\" \/>\n<meta property=\"og:site_name\" content=\"BA Sports\" \/>\n<meta property=\"article:modified_time\" content=\"2024-11-05T16:21:18+00:00\" \/>\n<meta property=\"og:image\" content=\"https:\/\/www.bactivegear.com\/wp-content\/uploads\/2024\/10\/BASports.jpg\" \/>\n\t<meta property=\"og:image:width\" content=\"1200\" \/>\n\t<meta property=\"og:image:height\" content=\"1200\" \/>\n\t<meta property=\"og:image:type\" content=\"image\/jpeg\" \/>\n<meta name=\"twitter:card\" content=\"summary_large_image\" \/>\n<meta name=\"twitter:label1\" content=\"Tiempo de lectura\" \/>\n\t<meta name=\"twitter:data1\" content=\"2 minutos\" \/>\n<script type=\"application\/ld+json\" class=\"yoast-schema-graph\">{\"@context\":\"https:\/\/schema.org\",\"@graph\":[{\"@type\":\"WebPage\",\"@id\":\"https:\/\/www.bactivegear.com\/about\/\",\"url\":\"https:\/\/www.bactivegear.com\/about\/\",\"name\":\"BA Sports | About\",\"isPartOf\":{\"@id\":\"https:\/\/www.bactivegear.com\/#website\"},\"primaryImageOfPage\":{\"@id\":\"https:\/\/www.bactivegear.com\/about\/#primaryimage\"},\"image\":{\"@id\":\"https:\/\/www.bactivegear.com\/about\/#primaryimage\"},\"thumbnailUrl\":\"https:\/\/www.bactivegear.com\/wp-content\/uploads\/2024\/10\/BASports.jpg\",\"datePublished\":\"2024-10-08T23:53:36+00:00\",\"dateModified\":\"2024-11-05T16:21:18+00:00\",\"breadcrumb\":{\"@id\":\"https:\/\/www.bactivegear.com\/about\/#breadcrumb\"},\"inLanguage\":\"es\",\"potentialAction\":[{\"@type\":\"ReadAction\",\"target\":[\"https:\/\/www.bactivegear.com\/about\/\"]}]},{\"@type\":\"ImageObject\",\"inLanguage\":\"es\",\"@id\":\"https:\/\/www.bactivegear.com\/about\/#primaryimage\",\"url\":\"https:\/\/www.bactivegear.com\/wp-content\/uploads\/2024\/10\/BASports.jpg\",\"contentUrl\":\"https:\/\/www.bactivegear.com\/wp-content\/uploads\/2024\/10\/BASports.jpg\",\"width\":1200,\"height\":1200,\"caption\":\"Activewear store\"},{\"@type\":\"BreadcrumbList\",\"@id\":\"https:\/\/www.bactivegear.com\/about\/#breadcrumb\",\"itemListElement\":[{\"@type\":\"ListItem\",\"position\":1,\"name\":\"Home\",\"item\":\"https:\/\/www.bactivegear.com\/\"},{\"@type\":\"ListItem\",\"position\":2,\"name\":\"About\"}]},{\"@type\":\"WebSite\",\"@id\":\"https:\/\/www.bactivegear.com\/#website\",\"url\":\"https:\/\/www.bactivegear.com\/\",\"name\":\"BA Sports\",\"description\":\"\",\"publisher\":{\"@id\":\"https:\/\/www.bactivegear.com\/#organization\"},\"potentialAction\":[{\"@type\":\"SearchAction\",\"target\":{\"@type\":\"EntryPoint\",\"urlTemplate\":\"https:\/\/www.bactivegear.com\/?s={search_term_string}\"},\"query-input\":{\"@type\":\"PropertyValueSpecification\",\"valueRequired\":true,\"valueName\":\"search_term_string\"}}],\"inLanguage\":\"es\"},{\"@type\":\"Organization\",\"@id\":\"https:\/\/www.bactivegear.com\/#organization\",\"name\":\"BA Sports\",\"url\":\"https:\/\/www.bactivegear.com\/\",\"logo\":{\"@type\":\"ImageObject\",\"inLanguage\":\"es\",\"@id\":\"https:\/\/www.bactivegear.com\/#\/schema\/logo\/image\/\",\"url\":\"https:\/\/www.bactivegear.com\/wp-content\/uploads\/2024\/10\/BASports.jpg\",\"contentUrl\":\"https:\/\/www.bactivegear.com\/wp-content\/uploads\/2024\/10\/BASports.jpg\",\"width\":1200,\"height\":1200,\"caption\":\"BA Sports\"},\"image\":{\"@id\":\"https:\/\/www.bactivegear.com\/#\/schema\/logo\/image\/\"},\"sameAs\":[\"https:\/\/www.instagram.com\/ba.sportsapparel\/\"]}]}<\/script>\n<!-- \/ Yoast SEO plugin. -->","yoast_head_json":{"title":"BA Sports | About","robots":{"index":"index","follow":"follow","max-snippet":"max-snippet:-1","max-image-preview":"max-image-preview:large","max-video-preview":"max-video-preview:-1"},"canonical":"https:\/\/www.bactivegear.com\/es\/about\/","og_locale":"es_ES","og_type":"article","og_title":"BA Sports | About","og_url":"https:\/\/www.bactivegear.com\/es\/about\/","og_site_name":"BA Sports","article_modified_time":"2024-11-05T16:21:18+00:00","og_image":[{"width":1200,"height":1200,"url":"https:\/\/www.bactivegear.com\/wp-content\/uploads\/2024\/10\/BASports.jpg","type":"image\/jpeg"}],"twitter_card":"summary_large_image","twitter_misc":{"Tiempo de lectura":"2 minutos"},"schema":{"@context":"https:\/\/schema.org","@graph":[{"@type":"WebPage","@id":"https:\/\/www.bactivegear.com\/about\/","url":"https:\/\/www.bactivegear.com\/about\/","name":"BA Sports | About","isPartOf":{"@id":"https:\/\/www.bactivegear.com\/#website"},"primaryImageOfPage":{"@id":"https:\/\/www.bactivegear.com\/about\/#primaryimage"},"image":{"@id":"https:\/\/www.bactivegear.com\/about\/#primaryimage"},"thumbnailUrl":"https:\/\/www.bactivegear.com\/wp-content\/uploads\/2024\/10\/BASports.jpg","datePublished":"2024-10-08T23:53:36+00:00","dateModified":"2024-11-05T16:21:18+00:00","breadcrumb":{"@id":"https:\/\/www.bactivegear.com\/about\/#breadcrumb"},"inLanguage":"es","potentialAction":[{"@type":"ReadAction","target":["https:\/\/www.bactivegear.com\/about\/"]}]},{"@type":"ImageObject","inLanguage":"es","@id":"https:\/\/www.bactivegear.com\/about\/#primaryimage","url":"https:\/\/www.bactivegear.com\/wp-content\/uploads\/2024\/10\/BASports.jpg","contentUrl":"https:\/\/www.bactivegear.com\/wp-content\/uploads\/2024\/10\/BASports.jpg","width":1200,"height":1200,"caption":"Activewear store"},{"@type":"BreadcrumbList","@id":"https:\/\/www.bactivegear.com\/about\/#breadcrumb","itemListElement":[{"@type":"ListItem","position":1,"name":"Home","item":"https:\/\/www.bactivegear.com\/"},{"@type":"ListItem","position":2,"name":"About"}]},{"@type":"WebSite","@id":"https:\/\/www.bactivegear.com\/#website","url":"https:\/\/www.bactivegear.com\/","name":"BA Sports","description":"","publisher":{"@id":"https:\/\/www.bactivegear.com\/#organization"},"potentialAction":[{"@type":"SearchAction","target":{"@type":"EntryPoint","urlTemplate":"https:\/\/www.bactivegear.com\/?s={search_term_string}"},"query-input":{"@type":"PropertyValueSpecification","valueRequired":true,"valueName":"search_term_string"}}],"inLanguage":"es"},{"@type":"Organization","@id":"https:\/\/www.bactivegear.com\/#organization","name":"BA Sports","url":"https:\/\/www.bactivegear.com\/","logo":{"@type":"ImageObject","inLanguage":"es","@id":"https:\/\/www.bactivegear.com\/#\/schema\/logo\/image\/","url":"https:\/\/www.bactivegear.com\/wp-content\/uploads\/2024\/10\/BASports.jpg","contentUrl":"https:\/\/www.bactivegear.com\/wp-content\/uploads\/2024\/10\/BASports.jpg","width":1200,"height":1200,"caption":"BA Sports"},"image":{"@id":"https:\/\/www.bactivegear.com\/#\/schema\/logo\/image\/"},"sameAs":["https:\/\/www.instagram.com\/ba.sportsapparel\/"]}]}},"_links":{"self":[{"href":"https:\/\/www.bactivegear.com\/es\/wp-json\/wp\/v2\/pages\/48"}],"collection":[{"href":"https:\/\/www.bactivegear.com\/es\/wp-json\/wp\/v2\/pages"}],"about":[{"href":"https:\/\/www.bactivegear.com\/es\/wp-json\/wp\/v2\/types\/page"}],"author":[{"embeddable":true,"href":"https:\/\/www.bactivegear.com\/es\/wp-json\/wp\/v2\/users\/1"}],"replies":[{"embeddable":true,"href":"https:\/\/www.bactivegear.com\/es\/wp-json\/wp\/v2\/comments?post=48"}],"version-history":[{"count":0,"href":"https:\/\/www.bactivegear.com\/es\/wp-json\/wp\/v2\/pages\/48\/revisions"}],"wp:featuredmedia":[{"embeddable":true,"href":"https:\/\/www.bactivegear.com\/es\/wp-json\/wp\/v2\/media\/18"}],"wp:attachment":[{"href":"https:\/\/www.bactivegear.com\/es\/wp-json\/wp\/v2\/media?parent=48"}],"curies":[{"name":"wp","href":"https:\/\/api.w.org\/{rel}","templated":true}]}}